{"id":3932,"date":"2022-03-21T19:01:40","date_gmt":"2022-03-21T19:01:40","guid":{"rendered":"https:\/\/www.gesplast.pt\/?page_id=3932"},"modified":"2023-03-27T10:36:50","modified_gmt":"2023-03-27T10:36:50","slug":"home","status":"publish","type":"page","link":"https:\/\/www.gesplast.pt\/es\/","title":{"rendered":"Home"},"content":{"rendered":"<div id='layer_slider_1'  class='avia-layerslider main_color avia-shadow  avia-builder-el-0  el_before_av_tab_section  avia-builder-el-first  container_wrap sidebar_right'  style='height: 851px; max-width: 1410px; margin: 0 auto;'  ><\/div>\n<div id='plugins'  class='av-tab-section-container entry-content-wrapper main_color av-tab-slide-transition   av-tab-above-content  avia-builder-el-1  el_after_av_layerslider  el_before_av_section  tab-section-not-first container_wrap sidebar_right'  ><div class='av-tab-section-outer-container'><div class='av-tab-section-tab-title-container avia-tab-title-padding-none av-custom-tab-color' style='background-color:#003611; color:#919191; ' role='tablist'><a href='#reciclaje' data-av-tab-section-title='1' class='av-section-tab-title av-active-tab-title no-scroll av-tab-no-icon av-tab-with-image noHover  ' role='tab' tabindex='0' aria-controls='av-tab-section-1-1'><span class='av-tab-section-image' style='background-image: url(https:\/\/www.gesplast.pt\/wp-content\/uploads\/2021\/11\/icon-reciclagem2.png);'><\/span><span class='av-outer-tab-title'><span class='av-inner-tab-title'>Reciclaje<\/span><\/span><span class='av-tab-arrow-container'><span><\/span><\/span><\/a><\/div><div class='avia-slideshow-arrows av-tabsection-arrow' ><a href='#prev' class='prev-slide av_prev_tab_section av-tab-section-slide' aria-hidden='true' data-av_icon='\ue87c' data-av_iconfont='entypo-fontello'  tabindex='-1'>Anterior<\/a><a href='#next' class='next-slide av_next_tab_section av-tab-section-slide' aria-hidden='true' data-av_icon='\ue87d' data-av_iconfont='entypo-fontello'  tabindex='-1'>Posterior<\/a><\/div><div class='av-tab-section-inner-container avia-section-large' style='width:100vw; left:0%;'><span class='av_prev_tab_section av_tab_navigation'><\/span><span class='av_next_tab_section av_tab_navigation'><\/span>\n<div id=\"av-tab-section-1-1\" data-av-tab-section-content=\"1\" class=\"av-layout-tab av-animation-delay-container av-active-tab-content __av_init_open  avia-builder-el-2  avia-builder-el-no-sibling   \" style='vertical-align:middle; ' data-av-tab-color='#ffffff'  data-tab-section-id=\"reciclaje\"><div class='av-layout-tab-inner'><div class='container'><p><div class='flex_column_table av-bepazq-2c85c4caae571985e45b55b30c42b3b8 sc-av_one_half av-equal-height-column-flextable'>\n<style type=\"text\/css\" data-created_by=\"avia_inline_auto\" id=\"style-css-av-bepazq-2c85c4caae571985e45b55b30c42b3b8\">\n.flex_column.av-bepazq-2c85c4caae571985e45b55b30c42b3b8{\nborder-radius:0px 0px 0px 0px;\n-webkit-border-radius:0px 0px 0px 0px;\n-moz-border-radius:0px 0px 0px 0px;\n}\n<\/style>\n<div class='flex_column av-bepazq-2c85c4caae571985e45b55b30c42b3b8 av_one_half  avia-builder-el-3  el_before_av_one_half  avia-builder-el-first  first flex_column_table_cell av-equal-height-column av-align-middle av-zero-column-padding '   ><p>\n<style type=\"text\/css\" data-created_by=\"avia_inline_auto\" id=\"style-css-av-b64sie-5f33145ce3d737ba71b39828811a4d73\">\n#top .av-special-heading.av-b64sie-5f33145ce3d737ba71b39828811a4d73{\npadding-bottom:0px;\nfont-size:30px;\n}\n<\/style>\n<div  class='av-special-heading av-b64sie-5f33145ce3d737ba71b39828811a4d73 av-special-heading-h1 blockquote modern-quote  avia-builder-el-4  el_before_av_hr  avia-builder-el-first  av-inherit-size '><h1 class='av-special-heading-tag '  itemprop=\"headline\"  >Recuperacion y valorizaci\u00f3n de residuos pl\u00e1sticos de polietileno<\/h1><div class='special-heading-border'><div class='special-heading-inner-border'><\/div><\/div><\/div><br \/>\n\n<style type=\"text\/css\" data-created_by=\"avia_inline_auto\" id=\"style-css-av-b1fxt2-871a8ab8683782e3e0fd3c4a5ad2f5b6\">\n#top .hr.av-b1fxt2-871a8ab8683782e3e0fd3c4a5ad2f5b6{\nmargin-top:30px;\nmargin-bottom:30px;\n}\n.hr.av-b1fxt2-871a8ab8683782e3e0fd3c4a5ad2f5b6 .hr-inner{\nwidth:50px;\nborder-color:#000000;\n}\n<\/style>\n<div  class='hr av-b1fxt2-871a8ab8683782e3e0fd3c4a5ad2f5b6 hr-custom  avia-builder-el-5  el_after_av_heading  el_before_av_textblock  hr-left hr-icon-no '><span class='hr-inner inner-border-av-border-fat'><span class=\"hr-inner-style\"><\/span><\/span><\/div><br \/>\n<section  class='av_textblock_section av-at08xq-439495e7d8a21f1b44fb18a4fea022e1 '  itemscope=\"itemscope\" itemtype=\"https:\/\/schema.org\/CreativeWork\" ><div class='avia_textblock '  itemprop=\"text\" ><p>De forma sostenible y miniizando los impactos ambientales, sociales y econ\u00f3micos<\/p>\n<\/div><\/section><br \/>\n\n<style type=\"text\/css\" data-created_by=\"avia_inline_auto\" id=\"style-css-av-aoqtse-08094ff609919ecb78d88804c4387982\">\n#top .hr.hr-invisible.av-aoqtse-08094ff609919ecb78d88804c4387982{\nheight:20px;\n}\n<\/style>\n<div  class='hr av-aoqtse-08094ff609919ecb78d88804c4387982 hr-invisible  avia-builder-el-7  el_after_av_textblock  el_before_av_button  '><span class='hr-inner '><span class=\"hr-inner-style\"><\/span><\/span><\/div><br \/>\n<div  class='avia-button-wrap avia-button-left  avia-builder-el-8  el_after_av_hr  avia-builder-el-last ' >\n<style type=\"text\/css\" data-created_by=\"avia_inline_auto\" id=\"style-css-av-aiqdcm-fd8f84e663dd9c18b697a8bc4d4c0fc3\">\n#top #wrap_all .avia-button.av-aiqdcm-fd8f84e663dd9c18b697a8bc4d4c0fc3{\nbackground-color:#000000;\nborder-color:#000000;\ncolor:#ffffff;\ntransition:all 0.4s ease-in-out;\n-webkit-transition:all 0.4s ease-in-out;\n-moz-transition:all 0.4s ease-in-out;\n-ms-transition:all 0.4s ease-in-out;\n-o-transition:all 0.4s ease-in-out;\n}\n<\/style>\n<a href='https:\/\/www.gesplast.pt\/es\/productos-y-servicios\/'  class='avia-button av-aiqdcm-fd8f84e663dd9c18b697a8bc4d4c0fc3 avia-icon_select-no avia-size-large avia-position-left av-icon-on-hover '  target=\"_blank\"  rel=\"noopener noreferrer\"><span class='avia_iconbox_title' >M\u00e1s informaci\u00f3n sobre el reciclaje<\/span><\/a><\/div><\/p><\/div><div class='av-flex-placeholder'><\/div>\n<style type=\"text\/css\" data-created_by=\"avia_inline_auto\" id=\"style-css-av-aetj4u-a70d198d4caed3c31ed62c46f84a056d\">\n.flex_column.av-aetj4u-a70d198d4caed3c31ed62c46f84a056d{\nborder-radius:0px 0px 0px 0px;\n-webkit-border-radius:0px 0px 0px 0px;\n-moz-border-radius:0px 0px 0px 0px;\n}\n<\/style>\n<div class='flex_column av-aetj4u-a70d198d4caed3c31ed62c46f84a056d av_one_half  avia-builder-el-9  el_after_av_one_half  avia-builder-el-last  flex_column_table_cell av-equal-height-column av-align-middle av-zero-column-padding '   ><style type=\"text\/css\" data-created_by=\"avia_inline_auto\" id=\"style-css-av-10n31i-9e9b770360fe77e206b43f1d2424b95a\">\n.avia-image-container.av-10n31i-9e9b770360fe77e206b43f1d2424b95a .av-image-caption-overlay-center{\ncolor:#ffffff;\n}\n<\/style>\n<div  class='avia-image-container av-10n31i-9e9b770360fe77e206b43f1d2424b95a av-styling-no-styling avia-align-center  avia-builder-el-10  avia-builder-el-no-sibling  '  itemprop=\"image\" itemscope=\"itemscope\" itemtype=\"https:\/\/schema.org\/ImageObject\" ><div class=\"avia-image-container-inner\"><div class=\"avia-image-overlay-wrap\"><img decoding=\"async\" class='wp-image-4095 avia-img-lazy-loading-not-4095 avia_image' src=\"https:\/\/www.gesplast.pt\/wp-content\/uploads\/2022\/08\/reciclagem-filme-plastico-300x300.jpg\" alt='Reciclagem' title='reciclagem-filme-plastico'  height=\"300\" width=\"300\"  itemprop=\"thumbnailUrl\" srcset=\"https:\/\/www.gesplast.pt\/wp-content\/uploads\/2022\/08\/reciclagem-filme-plastico-300x300.jpg 300w, https:\/\/www.gesplast.pt\/wp-content\/uploads\/2022\/08\/reciclagem-filme-plastico-80x80.jpg 80w, https:\/\/www.gesplast.pt\/wp-content\/uploads\/2022\/08\/reciclagem-filme-plastico-768x768.jpg 768w, https:\/\/www.gesplast.pt\/wp-content\/uploads\/2022\/08\/reciclagem-filme-plastico-36x36.jpg 36w, https:\/\/www.gesplast.pt\/wp-content\/uploads\/2022\/08\/reciclagem-filme-plastico-180x180.jpg 180w, https:\/\/www.gesplast.pt\/wp-content\/uploads\/2022\/08\/reciclagem-filme-plastico-705x705.jpg 705w, https:\/\/www.gesplast.pt\/wp-content\/uploads\/2022\/08\/reciclagem-filme-plastico.jpg 1000w\" sizes=\"(max-width: 300px) 100vw, 300px\" \/><\/div><\/div><\/div><\/div><\/div><!--close column table wrapper. Autoclose: 1 --><\/p>\n<\/div><\/div><\/div><\/div><\/div><\/div>\n<style type=\"text\/css\" data-created_by=\"avia_inline_auto\" id=\"style-css-av-2lnkpa-4d12a31492a9386ec49f4ffc93fdc273\">\n.avia-section.av-2lnkpa-4d12a31492a9386ec49f4ffc93fdc273{\nbackground-repeat:no-repeat;\nbackground-image:url(https:\/\/www.gesplast.pt\/wp-content\/uploads\/2021\/11\/focusing-on-the-future-2021-08-30-07-03-14-utc-300x200.jpg);\nbackground-position:50% 100%;\nbackground-attachment:fixed;\n}\n.avia-section.av-2lnkpa-4d12a31492a9386ec49f4ffc93fdc273 .av-section-color-overlay{\nopacity:0.5;\nbackground-color:#000f03;\n}\n<\/style>\n<div id='testimonials'  class='avia-section av-2lnkpa-4d12a31492a9386ec49f4ffc93fdc273 main_color avia-section-huge avia-no-border-styling  avia-builder-el-11  el_after_av_tab_section  avia-builder-el-last  avia-full-stretch avia-bg-style-fixed av-section-color-overlay-active  container_wrap sidebar_right'  data-section-bg-repeat='stretch'><div class='av-section-color-overlay-wrap'><div class=\"av-section-color-overlay\"><\/div><div class='container av-section-cont-open' ><div class='template-page content  av-content-small alpha units'><div class='post-entry post-entry-type-page post-entry-3932'><div class='entry-content-wrapper clearfix'>\n\n<style type=\"text\/css\" data-created_by=\"avia_inline_auto\" id=\"style-css-av-8v6we-f3abf541d0c5e1c35e8adf9a5a00bf1b\">\n#top .av-special-heading.av-8v6we-f3abf541d0c5e1c35e8adf9a5a00bf1b{\npadding-bottom:0px;\ncolor:#ffffff;\nfont-size:40px;\n}\n.av-special-heading.av-8v6we-f3abf541d0c5e1c35e8adf9a5a00bf1b .special-heading-inner-border{\nborder-color:#ffffff;\n}\n<\/style>\n<div  class='av-special-heading av-8v6we-f3abf541d0c5e1c35e8adf9a5a00bf1b av-special-heading-h1 custom-color-heading blockquote modern-quote modern-centered  avia-builder-el-12  el_before_av_hr  avia-builder-el-first  av-inherit-size '><h1 class='av-special-heading-tag '  itemprop=\"headline\"  >Pensando en el futuro<\/h1><div class='special-heading-border'><div class='special-heading-inner-border'><\/div><\/div><\/div>\n\n<style type=\"text\/css\" data-created_by=\"avia_inline_auto\" id=\"style-css-av-28mb6m-566a80133027a85ce7d2f7210eef2c33\">\n#top .hr.av-28mb6m-566a80133027a85ce7d2f7210eef2c33{\nmargin-top:30px;\nmargin-bottom:30px;\n}\n.hr.av-28mb6m-566a80133027a85ce7d2f7210eef2c33 .hr-inner{\nwidth:50px;\nborder-color:#ffffff;\n}\n<\/style>\n<div  class='hr av-28mb6m-566a80133027a85ce7d2f7210eef2c33 hr-custom  avia-builder-el-13  el_after_av_heading  el_before_av_textblock  hr-center hr-icon-no '><span class='hr-inner inner-border-av-border-fat'><span class=\"hr-inner-style\"><\/span><\/span><\/div>\n<section  class='av_textblock_section av-kvwrk9pb-0a9b5e31d072355a0d8d11951b4e75c8 '  itemscope=\"itemscope\" itemtype=\"https:\/\/schema.org\/CreativeWork\" ><div class='avia_textblock '  itemprop=\"text\" ><p style=\"text-align: center;\">Se tuve en cuenta los consumos energ\u00e9ticos de la actividad productiva, por lo que la empresa ha optado por la implementaci\u00f3n de soluciones basadas en energ\u00edas renovables.<\/p>\n<\/div><\/section>\n<\/div><\/div><\/div><!-- close content main div --><\/div><\/div><\/div><div id='after_section_1'  class='main_color av_default_container_wrap container_wrap sidebar_right'  ><div class='container av-section-cont-open' ><div class='template-page content  av-content-small alpha units'><div class='post-entry post-entry-type-page post-entry-3932'><div class='entry-content-wrapper clearfix'><\/p>\n","protected":false},"excerpt":{"rendered":"","protected":false},"author":1,"featured_media":0,"parent":0,"menu_order":0,"comment_status":"open","ping_status":"closed","template":"","meta":{"footnotes":""},"class_list":["post-3932","page","type-page","status-publish","hentry"],"_links":{"self":[{"href":"https:\/\/www.gesplast.pt\/es\/wp-json\/wp\/v2\/pages\/3932","targetHints":{"allow":["GET"]}}],"collection":[{"href":"https:\/\/www.gesplast.pt\/es\/wp-json\/wp\/v2\/pages"}],"about":[{"href":"https:\/\/www.gesplast.pt\/es\/wp-json\/wp\/v2\/types\/page"}],"author":[{"embeddable":true,"href":"https:\/\/www.gesplast.pt\/es\/wp-json\/wp\/v2\/users\/1"}],"replies":[{"embeddable":true,"href":"https:\/\/www.gesplast.pt\/es\/wp-json\/wp\/v2\/comments?post=3932"}],"version-history":[{"count":8,"href":"https:\/\/www.gesplast.pt\/es\/wp-json\/wp\/v2\/pages\/3932\/revisions"}],"predecessor-version":[{"id":4160,"href":"https:\/\/www.gesplast.pt\/es\/wp-json\/wp\/v2\/pages\/3932\/revisions\/4160"}],"wp:attachment":[{"href":"https:\/\/www.gesplast.pt\/es\/wp-json\/wp\/v2\/media?parent=3932"}],"curies":[{"name":"wp","href":"https:\/\/api.w.org\/{rel}","templated":true}]}}