{"id":3841,"date":"2022-01-04T16:55:52","date_gmt":"2022-01-04T16:55:52","guid":{"rendered":"https:\/\/www.gesplast.pt\/produtos-e-servicos\/"},"modified":"2025-02-19T14:55:44","modified_gmt":"2025-02-19T14:55:44","slug":"productos-y-servicios","status":"publish","type":"page","link":"https:\/\/www.gesplast.pt\/es\/productos-y-servicios\/","title":{"rendered":"Productos y Servicios"},"content":{"rendered":"\n<style type=\"text\/css\" data-created_by=\"avia_inline_auto\" id=\"style-css-av-3tyzgi-fe496bbcf28d61ae0867c2932e772ba1\">\n.avia-section.av-3tyzgi-fe496bbcf28d61ae0867c2932e772ba1{\nbackground-color:#35383c;\n}\n.avia-section.av-3tyzgi-fe496bbcf28d61ae0867c2932e772ba1 .av-extra-border-element .av-extra-border-inner{\nbackground-color:#35383c;\n}\n<\/style>\n<div id='av_section_1'  class='avia-section av-3tyzgi-fe496bbcf28d61ae0867c2932e772ba1 main_color avia-section-large avia-no-border-styling  avia-builder-el-0  el_before_av_section  avia-builder-el-first  avia-bg-style-scroll  av-arrow-down-section container_wrap sidebar_right'  ><div class='container av-section-cont-open' ><main  role=\"main\" itemprop=\"mainContentOfPage\"  class='template-page content  av-content-small alpha units'><div class='post-entry post-entry-type-page post-entry-3841'><div class='entry-content-wrapper clearfix'>\n\n<style type=\"text\/css\" data-created_by=\"avia_inline_auto\" id=\"style-css-av-3k2hcq-aa620f1d57373aa46b1c32d77726fb6e\">\n#top .av-special-heading.av-3k2hcq-aa620f1d57373aa46b1c32d77726fb6e{\npadding-bottom:0px;\ncolor:#ffffff;\nfont-size:40px;\n}\n.av-special-heading.av-3k2hcq-aa620f1d57373aa46b1c32d77726fb6e .special-heading-inner-border{\nborder-color:#ffffff;\n}\n<\/style>\n<div  class='av-special-heading av-3k2hcq-aa620f1d57373aa46b1c32d77726fb6e av-special-heading-h2 custom-color-heading blockquote modern-quote modern-centered  avia-builder-el-1  el_before_av_hr  avia-builder-el-first  av-inherit-size '><h2 class='av-special-heading-tag '  itemprop=\"headline\"  >Reciclage<\/h2><div class='special-heading-border'><div class='special-heading-inner-border'><\/div><\/div><\/div>\n\n<style type=\"text\/css\" data-created_by=\"avia_inline_auto\" id=\"style-css-av-3g9v56-f3f84eb848528dddbb964b314168120a\">\n#top .hr.av-3g9v56-f3f84eb848528dddbb964b314168120a{\nmargin-top:10px;\nmargin-bottom:10px;\n}\n.hr.av-3g9v56-f3f84eb848528dddbb964b314168120a .hr-inner{\nwidth:50px;\nborder-color:#ffffff;\n}\n<\/style>\n<div  class='hr av-3g9v56-f3f84eb848528dddbb964b314168120a hr-custom  avia-builder-el-2  el_after_av_heading  el_before_av_one_full  hr-center hr-icon-no '><span class='hr-inner inner-border-av-border-fat'><span class=\"hr-inner-style\"><\/span><\/span><\/div>\n\n<style type=\"text\/css\" data-created_by=\"avia_inline_auto\" id=\"style-css-av-3ntlju-840041450401e6a2049ccb0b583bbbf7\">\n.flex_column.av-3ntlju-840041450401e6a2049ccb0b583bbbf7{\nborder-radius:0px 0px 0px 0px;\n-webkit-border-radius:0px 0px 0px 0px;\n-moz-border-radius:0px 0px 0px 0px;\n}\n<\/style>\n<div class='flex_column av-3ntlju-840041450401e6a2049ccb0b583bbbf7 av_one_full  avia-builder-el-3  el_after_av_hr  el_before_av_two_fifth  first flex_column_div av-zero-column-padding '   ><section  class='av_textblock_section av-36dn2i-332b10c2201a2c63eb468372e1c9c0b6 '  itemscope=\"itemscope\" itemtype=\"https:\/\/schema.org\/CreativeWork\" ><div class='avia_textblock '  itemprop=\"text\" ><p style=\"text-align: center;\">GESPLAST se dedica\u00a0 a la recuperacion y valorizaci\u00f3n de residuos pl\u00e1sticos de polietileno, de forma sostenible y miniizando los impactos ambientales, sociales y econ\u00f3micos.<\/p>\n<p style=\"text-align: center;\">La modernizaci\u00f3n de los equipos permite optimizar el proceso productivo y mejorar la calidad del producto final.<\/p>\n<p style=\"text-align: center;\">El proceso se resume en las siguientes etapas:<\/p>\n<\/div><\/section><\/div>\n<style type=\"text\/css\" data-created_by=\"avia_inline_auto\" id=\"style-css-av-49y4pg-72040132dccdb34ccab9959bdff2d776\">\n.flex_column.av-49y4pg-72040132dccdb34ccab9959bdff2d776{\nborder-radius:0px 0px 0px 0px;\n-webkit-border-radius:0px 0px 0px 0px;\n-moz-border-radius:0px 0px 0px 0px;\n}\n<\/style>\n<div class='flex_column av-49y4pg-72040132dccdb34ccab9959bdff2d776 av_two_fifth  avia-builder-el-5  el_after_av_one_full  el_before_av_one_fourth  first flex_column_div av-zero-column-padding column-top-margin'   ><\/div>\n<style type=\"text\/css\" data-created_by=\"avia_inline_auto\" id=\"style-css-av-30wxa2-35908a0e851a4a4bd852b86e660fd97d\">\n.flex_column.av-30wxa2-35908a0e851a4a4bd852b86e660fd97d{\nborder-radius:0px 0px 0px 0px;\n-webkit-border-radius:0px 0px 0px 0px;\n-moz-border-radius:0px 0px 0px 0px;\n}\n<\/style>\n<div class='flex_column av-30wxa2-35908a0e851a4a4bd852b86e660fd97d av_one_fourth  avia-builder-el-6  el_after_av_two_fifth  el_before_av_one_third  flex_column_div av-zero-column-padding column-top-margin'   ><div  class='avia-icon-list-container av-ky0crksc-54917809df76c20e2944af83830b6ff8  avia-builder-el-7  avia-builder-el-no-sibling  '><ul class='avia-icon-list avia_animate_when_almost_visible avia-icon-list-left av-iconlist-small av-ky0crksc-54917809df76c20e2944af83830b6ff8 avia-iconlist-animate'>\n<li><div class='iconlist_icon av-ky0cqhpi-db2523688ba2417c03cafb2f4f7a326d avia-font-entypo-fontello'><span class='iconlist-char ' aria-hidden='true' data-av_icon='\ue875' data-av_iconfont='entypo-fontello'><\/span><\/div><article class=\"article-icon-entry av-iconlist-empty\"  itemscope=\"itemscope\" itemtype=\"https:\/\/schema.org\/CreativeWork\" ><div class='iconlist_content_wrap'><header class=\"entry-content-header\"><div class='av_iconlist_title iconlist_title_small   '  itemprop=\"headline\" >Selecci\u00f3n;<\/div><\/header><div class='iconlist_content  '  itemprop=\"text\" ><\/div><\/div><footer class=\"entry-footer\"><\/footer><\/article><div class='iconlist-timeline'><\/div><\/li>\n<li><div class='iconlist_icon av-ky0cqvzt-1369f08cbe31966903920df5191d359b avia-font-entypo-fontello'><span class='iconlist-char ' aria-hidden='true' data-av_icon='\ue875' data-av_iconfont='entypo-fontello'><\/span><\/div><article class=\"article-icon-entry av-iconlist-empty\"  itemscope=\"itemscope\" itemtype=\"https:\/\/schema.org\/CreativeWork\" ><div class='iconlist_content_wrap'><header class=\"entry-content-header\"><div class='av_iconlist_title iconlist_title_small   '  itemprop=\"headline\" >Molturaci\u00f3n;<\/div><\/header><div class='iconlist_content  '  itemprop=\"text\" ><\/div><\/div><footer class=\"entry-footer\"><\/footer><\/article><div class='iconlist-timeline'><\/div><\/li>\n<li><div class='iconlist_icon av-ky0fqoft-b1941c5a58e710de10e8685813e6f1bc avia-font-entypo-fontello'><span class='iconlist-char ' aria-hidden='true' data-av_icon='\ue875' data-av_iconfont='entypo-fontello'><\/span><\/div><article class=\"article-icon-entry av-iconlist-empty\"  itemscope=\"itemscope\" itemtype=\"https:\/\/schema.org\/CreativeWork\" ><div class='iconlist_content_wrap'><header class=\"entry-content-header\"><div class='av_iconlist_title iconlist_title_small   '  itemprop=\"headline\" >Enjuague;<\/div><\/header><div class='iconlist_content  '  itemprop=\"text\" ><\/div><\/div><footer class=\"entry-footer\"><\/footer><\/article><div class='iconlist-timeline'><\/div><\/li>\n<li><div class='iconlist_icon av-ky0fryyc-21e269774b2b2093ac260c44cb7e7a77 avia-font-entypo-fontello'><span class='iconlist-char ' aria-hidden='true' data-av_icon='\ue875' data-av_iconfont='entypo-fontello'><\/span><\/div><article class=\"article-icon-entry av-iconlist-empty\"  itemscope=\"itemscope\" itemtype=\"https:\/\/schema.org\/CreativeWork\" ><div class='iconlist_content_wrap'><header class=\"entry-content-header\"><div class='av_iconlist_title iconlist_title_small   '  itemprop=\"headline\" >Divisi\u00f3n por densidad;<\/div><\/header><div class='iconlist_content  '  itemprop=\"text\" ><\/div><\/div><footer class=\"entry-footer\"><\/footer><\/article><div class='iconlist-timeline'><\/div><\/li>\n<li><div class='iconlist_icon av-ky0fsdcr-e089b1e60a0158a800e21e465223824a avia-font-entypo-fontello'><span class='iconlist-char ' aria-hidden='true' data-av_icon='\ue875' data-av_iconfont='entypo-fontello'><\/span><\/div><article class=\"article-icon-entry av-iconlist-empty\"  itemscope=\"itemscope\" itemtype=\"https:\/\/schema.org\/CreativeWork\" ><div class='iconlist_content_wrap'><header class=\"entry-content-header\"><div class='av_iconlist_title iconlist_title_small   '  itemprop=\"headline\" >Secado;<\/div><\/header><div class='iconlist_content  '  itemprop=\"text\" ><\/div><\/div><footer class=\"entry-footer\"><\/footer><\/article><div class='iconlist-timeline'><\/div><\/li>\n<li><div class='iconlist_icon av-ky0fstfm-b11f62bf1d908c4662f9f2827c4f72d7 avia-font-entypo-fontello'><span class='iconlist-char ' aria-hidden='true' data-av_icon='\ue875' data-av_iconfont='entypo-fontello'><\/span><\/div><article class=\"article-icon-entry av-iconlist-empty\"  itemscope=\"itemscope\" itemtype=\"https:\/\/schema.org\/CreativeWork\" ><div class='iconlist_content_wrap'><header class=\"entry-content-header\"><div class='av_iconlist_title iconlist_title_small   '  itemprop=\"headline\" >Extrusi\u00f3n<\/div><\/header><div class='iconlist_content  '  itemprop=\"text\" ><\/div><\/div><footer class=\"entry-footer\"><\/footer><\/article><div class='iconlist-timeline'><\/div><\/li>\n<\/ul><\/div><\/div>\n<style type=\"text\/css\" data-created_by=\"avia_inline_auto\" id=\"style-css-av-1u84fo-b316e6b1cd7b7b7e85d86c397a07f641\">\n.flex_column.av-1u84fo-b316e6b1cd7b7b7e85d86c397a07f641{\nborder-radius:0px 0px 0px 0px;\n-webkit-border-radius:0px 0px 0px 0px;\n-moz-border-radius:0px 0px 0px 0px;\n}\n<\/style>\n<div class='flex_column av-1u84fo-b316e6b1cd7b7b7e85d86c397a07f641 av_one_third  avia-builder-el-8  el_after_av_one_fourth  avia-builder-el-last  flex_column_div av-zero-column-padding column-top-margin'   ><\/div><\/div><\/div><\/main><!-- close content main element --><\/div><div class='av-extra-border-element border-extra-arrow-down'><div class='av-extra-border-outer'><div class='av-extra-border-inner'><\/div><\/div><\/div><\/div><div id='av_section_2'  class='avia-section av-2dr1zm-5d1ca4419cb86c9595e0ca0d7b2c0f6f main_color avia-section-huge avia-no-border-styling  avia-builder-el-9  el_after_av_section  avia-builder-el-last  avia-bg-style-fixed  container_wrap sidebar_right'  ><div class='container av-section-cont-open' ><div class='template-page content  av-content-small alpha units'><div class='post-entry post-entry-type-page post-entry-3841'><div class='entry-content-wrapper clearfix'>\n\n<style type=\"text\/css\" data-created_by=\"avia_inline_auto\" id=\"style-css-av-ky0daqim-3d70c7db99399934fb8db5fb0b231785\">\n.avia-animated-number.av-ky0daqim-3d70c7db99399934fb8db5fb0b231785 .avia-animated-number-title{\nfont-size:66px;\n}\n<\/style>\n<div  class=\"avia-animated-number av-ky0daqim-3d70c7db99399934fb8db5fb0b231785 av-force-default-color avia_animate_when_visible  avia-builder-el-10  avia-builder-el-no-sibling  \" data-timer=\"3000\"><strong class=\"heading avia-animated-number-title\"><span class=\"avia-single-number __av-single-number\" data-number_format=\".\" data-number=\"10000\" data-start_from=\"1000\">10000<\/span><\/strong><div class=\"avia-animated-number-content\"><p>La unidad tiene una capacidad de producci\u00f3n hasta 10.000 toneladas\/a\u00f1o de granulado.<\/p>\n<\/div><\/div>\n<\/div><\/div><\/div><!-- close content main div --><\/div><\/div><div id='after_section_2'  class='main_color av_default_container_wrap container_wrap sidebar_right'  ><div class='container av-section-cont-open' ><div class='template-page content  av-content-small alpha units'><div class='post-entry post-entry-type-page post-entry-3841'><div class='entry-content-wrapper clearfix'><\/p>\n","protected":false},"excerpt":{"rendered":"","protected":false},"author":1,"featured_media":0,"parent":0,"menu_order":0,"comment_status":"closed","ping_status":"closed","template":"","meta":{"footnotes":""},"class_list":["post-3841","page","type-page","status-publish","hentry"],"_links":{"self":[{"href":"https:\/\/www.gesplast.pt\/es\/wp-json\/wp\/v2\/pages\/3841","targetHints":{"allow":["GET"]}}],"collection":[{"href":"https:\/\/www.gesplast.pt\/es\/wp-json\/wp\/v2\/pages"}],"about":[{"href":"https:\/\/www.gesplast.pt\/es\/wp-json\/wp\/v2\/types\/page"}],"author":[{"embeddable":true,"href":"https:\/\/www.gesplast.pt\/es\/wp-json\/wp\/v2\/users\/1"}],"replies":[{"embeddable":true,"href":"https:\/\/www.gesplast.pt\/es\/wp-json\/wp\/v2\/comments?post=3841"}],"version-history":[{"count":6,"href":"https:\/\/www.gesplast.pt\/es\/wp-json\/wp\/v2\/pages\/3841\/revisions"}],"predecessor-version":[{"id":4357,"href":"https:\/\/www.gesplast.pt\/es\/wp-json\/wp\/v2\/pages\/3841\/revisions\/4357"}],"wp:attachment":[{"href":"https:\/\/www.gesplast.pt\/es\/wp-json\/wp\/v2\/media?parent=3841"}],"curies":[{"name":"wp","href":"https:\/\/api.w.org\/{rel}","templated":true}]}}